{"id":12304,"date":"2021-12-22T15:38:04","date_gmt":"2021-12-22T15:38:04","guid":{"rendered":"https:\/\/powersolution.es\/contacto\/"},"modified":"2022-06-20T18:56:59","modified_gmt":"2022-06-20T18:56:59","slug":"contact","status":"publish","type":"page","link":"https:\/\/www.powersolution.es\/en\/contact\/","title":{"rendered":"Contact"},"content":{"rendered":"<p>[vc_row content_width=&#8221;grid&#8221; css=&#8221;.vc_custom_1647603493694{margin-top: 100px !important;}&#8221; el_id=&#8221;block-map&#8221;][vc_column][vc_empty_space height=&#8221;10px&#8221;][vc_raw_html][\/vc_raw_html][vc_empty_space height=&#8221;10px&#8221;][\/vc_column][\/vc_row][vc_row content_width=&#8221;grid&#8221; content_aligment=&#8221;center&#8221; el_class=&#8221;contacto-custom-block&#8221; css=&#8221;.vc_custom_1647614972403{margin-bottom: 50px !important;}&#8221;][vc_column width=&#8221;1\/2&#8243; css=&#8221;.vc_custom_1647614966689{margin-bottom: 50px !important;margin-left: 10% !important;padding-left: 15px !important;}&#8221; offset=&#8221;vc_col-md-6 vc_col-sm-offset-0 vc_col-xs-12&#8243; el_class=&#8221;contacto-custom-block-inner&#8221;][vc_empty_space height=&#8221;50px&#8221;][vc_column_text]<\/p>\n<h5 style=\"text-align: left;\"><span style=\"color: #29b1b3;\">MADRID OFFICES<\/span><\/h5>\n<h5 style=\"text-transform: capitalize; text-align: left;\">Calle Jos\u00e9 Echegaray, 8, Ed 3, 28232 madrid, Espa\u00f1a<\/h5>\n<p>[\/vc_column_text][vc_empty_space height=&#8221;16px&#8221;][vc_row_inner el_class=&#8221;fila-contacto&#8221;][vc_column_inner width=&#8221;1\/3&#8243;][vc_column_text]<\/p>\n<h6 style=\"text-align: left;\"><span style=\"color: #c3c3c3;\">PHONE NUMBER:<\/span><\/h6>\n<h5 style=\"text-align: left;\">+34 917 373 880<\/h5>\n<p>[\/vc_column_text][\/vc_column_inner][vc_column_inner width=&#8221;1\/2&#8243;][vc_column_text css=&#8221;.vc_custom_1647598784638{border-right-width: 5% !important;}&#8221;]<\/p>\n<h6 style=\"text-align: left;\"><span style=\"color: #c3c3c3;\">EMAIL:<\/span><\/h6>\n<h5 style=\"text-align: left;\"><span style=\"text-transform: lowercase; font-weight: 500;\">info@powersolution.es<\/span><\/h5>\n<p>[\/vc_column_text][\/vc_column_inner][\/vc_row_inner][\/vc_column][vc_column width=&#8221;1\/2&#8243; offset=&#8221;vc_col-lg-6 vc_col-md-6&#8243;][vc_empty_space height=&#8221;50px&#8221; el_class=&#8221;not-mobile&#8221;][vc_column_text]<\/p>\n<h5 style=\"text-align: left;\"><span style=\"color: #29b1b3;\">MENDOZA OFFICES<\/span><\/h5>\n<h5 style=\"text-transform: capitalize; text-align: left;\">Gral. Espejo 178 1\u00ba Of.16 M5502 Mendoza, Argentina.<\/h5>\n<p>[\/vc_column_text][vc_empty_space height=&#8221;16px&#8221;][vc_row_inner][vc_column_inner width=&#8221;1\/3&#8243; css=&#8221;.vc_custom_1647600551417{padding-right: 0px !important;}&#8221;][vc_column_text]<\/p>\n<h6 style=\"text-align: left;\"><span style=\"color: #c3c3c3;\">PHONE NUMBER:<\/span><\/h6>\n<h5 style=\"text-align: left;\">+54 9 261 4299848<\/h5>\n<p>[\/vc_column_text][\/vc_column_inner][vc_column_inner width=&#8221;1\/2&#8243;][vc_column_text]<\/p>\n<h6 style=\"text-align: left;\"><span style=\"color: #c3c3c3;\">EMAIL:<\/span><\/h6>\n<h5 style=\"text-align: left;\"><span style=\"text-transform: lowercase; font-weight: 500;\">info@powersolution.com.ar<\/span><\/h5>\n<p>[\/vc_column_text][\/vc_column_inner][\/vc_row_inner][\/vc_column][\/vc_row][vc_row content_width=&#8221;grid&#8221; css=&#8221;.vc_custom_1643710385759{margin-bottom: 50px !important;}&#8221; el_class=&#8221;contacto-custom-block&#8221;][vc_column width=&#8221;1\/2&#8243; css=&#8221;.vc_custom_1647613690570{margin-left: 10% !important;}&#8221; el_class=&#8221;contacto-custom-block-inner&#8221;][vc_column_text]<\/p>\n<h5 style=\"text-align: left;\"><span style=\"color: #29b1b3;\">BARCELONA OFFICES<\/span><\/h5>\n<h5 style=\"text-transform: capitalize; text-align: left;\">Carrer de Sancho de \u00c1vila, 65, 08018 Barcelona, Espa\u00f1a.<\/h5>\n<p>[\/vc_column_text][vc_empty_space height=&#8221;16px&#8221;][vc_row_inner][vc_column_inner width=&#8221;1\/3&#8243; css=&#8221;.vc_custom_1647600503993{padding-right: 0px !important;}&#8221;][vc_column_text]<\/p>\n<h6 style=\"text-align: left;\"><span style=\"color: #c3c3c3;\">PHONE NUMBER:<\/span><\/h6>\n<h5 style=\"text-align: left;\">+34 917 373 880<\/h5>\n<p>[\/vc_column_text][\/vc_column_inner][vc_column_inner width=&#8221;1\/2&#8243;][vc_column_text]<\/p>\n<h6 style=\"text-align: left;\"><span style=\"color: #c3c3c3;\">EMAIL:<\/span><\/h6>\n<h5 style=\"text-align: left;\"><span style=\"text-transform: lowercase; font-weight: 500;\">info@powersolution.es<\/span><\/h5>\n<p>[\/vc_column_text][\/vc_column_inner][\/vc_row_inner][\/vc_column][vc_column width=&#8221;1\/2&#8243;][vc_empty_space height=&#8221;50px&#8221; el_class=&#8221;only-mobile&#8221;][vc_column_text]<\/p>\n<h5 style=\"text-align: left;\"><span style=\"color: #29b1b3;\">BUENOS AIRES OFFICES<\/span><\/h5>\n<h5 style=\"text-transform: capitalize; text-align: left;\">Suipacha 280 2do Piso C1035 CABA, Argentina<\/h5>\n<p>[\/vc_column_text][vc_empty_space height=&#8221;16px&#8221;][vc_row_inner css=&#8221;.vc_custom_1647600392227{padding-left: 0px !important;}&#8221;][vc_column_inner width=&#8221;1\/3&#8243; css=&#8221;.vc_custom_1647600558878{padding-right: 0px !important;}&#8221;][vc_column_text]<\/p>\n<h6 style=\"text-align: left;\"><span style=\"color: #c3c3c3;\">PHONE NUMBER:<\/span><\/h6>\n<h5 style=\"text-align: left;\">+54 9 261 4299848<\/h5>\n<p>[\/vc_column_text][\/vc_column_inner][vc_column_inner width=&#8221;1\/2&#8243;][vc_column_text]<\/p>\n<h6 style=\"text-align: left;\"><span style=\"color: #c3c3c3;\">EMAIL:<\/span><\/h6>\n<h5 style=\"text-align: left;\"><span style=\"text-transform: lowercase; font-weight: 500;\">info@powersolution.com.ar<\/span><\/h5>\n<p>[\/vc_column_text][\/vc_column_inner][\/vc_row_inner][\/vc_column][\/vc_row][vc_row content_width=&#8221;grid&#8221; css=&#8221;.vc_custom_1643710417238{margin-bottom: 50px !important;}&#8221; el_class=&#8221;contacto-custom-block&#8221;][vc_column width=&#8221;1\/2&#8243; css=&#8221;.vc_custom_1647613738581{margin-left: 10% !important;}&#8221; el_class=&#8221;contacto-custom-block-inner&#8221;][vc_empty_space height=&#8221;50px&#8221; el_class=&#8221;not-mobile&#8221;][vc_column_text]<\/p>\n<h5 style=\"text-align: left;\"><span style=\"color: #29b1b3;\">SEVILLA OFFICES<\/span><\/h5>\n<h5 style=\"text-transform: capitalize; text-align: left;\">Calle ac\u00fastica 24 planta 4 Of 8 41015 Sevilla, Espa\u00f1a.<\/h5>\n<p>[\/vc_column_text][vc_empty_space height=&#8221;16px&#8221;][vc_row_inner][vc_column_inner width=&#8221;1\/3&#8243; css=&#8221;.vc_custom_1647600513619{padding-right: 0px !important;}&#8221;][vc_column_text]<\/p>\n<h6 style=\"text-align: left;\"><span style=\"color: #c3c3c3;\">PHONE NUMBER:<\/span><\/h6>\n<h5 style=\"text-align: left;\">+34 917 373 880<\/h5>\n<p>[\/vc_column_text][\/vc_column_inner][vc_column_inner width=&#8221;1\/2&#8243;][vc_column_text]<\/p>\n<h6 style=\"text-align: left;\"><span style=\"color: #c3c3c3;\">EMAIL:<\/span><\/h6>\n<h5 style=\"text-align: left;\"><span style=\"text-transform: lowercase; font-weight: 500;\">info@powersolution.es<\/span><\/h5>\n<p>[\/vc_column_text][\/vc_column_inner][\/vc_row_inner][\/vc_column][vc_column width=&#8221;1\/2&#8243; css=&#8221;.vc_custom_1647599865138{margin-right: 10% !important;}&#8221;][vc_empty_space height=&#8221;50px&#8221;][vc_column_text]<\/p>\n<h5 style=\"text-align: left;\"><span style=\"color: #29b1b3;\">SANTA CRUZ DE LA SIERRA OFFICES<\/span><\/h5>\n<h5 style=\"text-transform: capitalize; text-align: left;\">Avenida Roca Coronado, entre 3 y 4 anillo. Edificio Murano 9B, Santa Cruz de la Sierra.Bolivia.<\/h5>\n<p>[\/vc_column_text][vc_empty_space height=&#8221;16px&#8221;][vc_row_inner css=&#8221;.vc_custom_1647600401640{padding-left: 0px !important;}&#8221;][vc_column_inner width=&#8221;1\/3&#8243; css=&#8221;.vc_custom_1647600565926{padding-right: 0px !important;}&#8221;][vc_column_text]<\/p>\n<h6 style=\"text-align: left;\"><span style=\"color: #c3c3c3;\">PHONE NUMBER:<\/span><\/h6>\n<h5 style=\"text-align: left;\">+34 917 373 880<\/h5>\n<p>[\/vc_column_text][\/vc_column_inner][vc_column_inner width=&#8221;1\/2&#8243;][vc_column_text]<\/p>\n<h6 style=\"text-align: left;\"><span style=\"color: #c3c3c3;\">EMAIL:<\/span><\/h6>\n<h5 style=\"text-align: left;\"><span style=\"text-transform: lowercase; font-weight: 500;\">info@powersolution.es<\/span><\/h5>\n<p>[\/vc_column_text][\/vc_column_inner][\/vc_row_inner][\/vc_column][\/vc_row][vc_row content_width=&#8221;grid&#8221; css=&#8221;.vc_custom_1643710413263{margin-bottom: 50px !important;}&#8221; el_class=&#8221;contacto-custom-block&#8221;][vc_column width=&#8221;1\/2&#8243; css=&#8221;.vc_custom_1647613743840{margin-left: 10% !important;}&#8221; el_class=&#8221;contacto-custom-block-inner&#8221;][vc_empty_space height=&#8221;50px&#8221; el_class=&#8221;not-mobile&#8221;][vc_column_text]<\/p>\n<h5 style=\"text-align: left;\"><span style=\"color: #29b1b3;\">MEDELL\u00cdN OFFICES<\/span><\/h5>\n<h5 style=\"text-transform: capitalize; text-align: left;\">Calle 49 Sur 45A &#8211; 300,Ed.S48 Tower, Of. 2213 Envigado,<\/h5>\n<h5 style=\"text-transform: capitalize; text-align: left;\">Colombia.<\/h5>\n<p>[\/vc_column_text][vc_empty_space height=&#8221;16px&#8221;][vc_row_inner][vc_column_inner width=&#8221;1\/3&#8243; css=&#8221;.vc_custom_1647600521048{padding-right: 0px !important;}&#8221;][vc_column_text css=&#8221;.vc_custom_1647615716146{margin-right: 5% !important;margin-left: 5% !important;}&#8221;]<\/p>\n<h6 style=\"text-align: left;\"><span style=\"color: #c3c3c3;\">PHONE NUMBER:<\/span><\/h6>\n<h5 style=\"text-align: left;\">+57 604 480 86 63<\/h5>\n<p>[\/vc_column_text][\/vc_column_inner][vc_column_inner width=&#8221;1\/2&#8243;][vc_column_text]<\/p>\n<h6 style=\"text-align: left;\"><span style=\"color: #c3c3c3;\">EMAIL:<\/span><\/h6>\n<h5 style=\"text-align: left;\"><span style=\"text-transform: lowercase; font-weight: 500;\">info-co@powersolution.es<\/span><\/h5>\n<p>[\/vc_column_text][\/vc_column_inner][\/vc_row_inner][\/vc_column][vc_column width=&#8221;1\/2&#8243; css=&#8221;.vc_custom_1647600019982{margin-right: 10% !important;}&#8221;][vc_empty_space height=&#8221;50px&#8221;][vc_column_text]<\/p>\n<h5 style=\"text-align: left;\"><span style=\"color: #29b1b3;\">LIMA OFFICES<\/span><\/h5>\n<h5 style=\"text-transform: capitalize; text-align: left;\">Avenida del Pinar 180 Of.203, Santiago de Surco. Lima, Per\u00fa.<\/h5>\n<p>[\/vc_column_text][vc_empty_space height=&#8221;16px&#8221;][vc_row_inner][vc_column_inner width=&#8221;1\/3&#8243; css=&#8221;.vc_custom_1647600573076{padding-right: 0px !important;}&#8221;][vc_column_text]<\/p>\n<h6 style=\"text-align: left;\"><span style=\"color: #c3c3c3;\">PHONE NUMBER:<\/span><\/h6>\n<h5 style=\"text-align: left;\">+34 917 373 880<\/h5>\n<p>[\/vc_column_text][\/vc_column_inner][vc_column_inner width=&#8221;1\/2&#8243;][vc_column_text]<\/p>\n<h6 style=\"text-align: left;\"><span style=\"color: #c3c3c3;\">EMAIL:<\/span><\/h6>\n<h5 style=\"text-align: left;\"><span style=\"text-transform: lowercase; font-weight: 500;\">info-pe@powersolution.es<\/span><\/h5>\n<p>[\/vc_column_text][\/vc_column_inner][\/vc_row_inner][\/vc_column][\/vc_row][vc_row content_width=&#8221;grid&#8221; css=&#8221;.vc_custom_1643710407383{margin-bottom: 50px !important;}&#8221; el_class=&#8221;contacto-custom-block&#8221;][vc_column width=&#8221;1\/2&#8243; css=&#8221;.vc_custom_1647613750801{margin-left: 10% !important;}&#8221; el_class=&#8221;contacto-custom-block-inner&#8221;][vc_empty_space height=&#8221;50px&#8221; el_class=&#8221;not-mobile&#8221;][vc_column_text]<\/p>\n<h5 style=\"text-align: left;\"><span style=\"color: #29b1b3;\">M\u00c9XICO OFFICES DF<\/span><\/h5>\n<h5 style=\"text-transform: capitalize; text-align: left;\">Blvd. Miguel de Cervantes Saavedra 475, Col. Irrigaci\u00f3n, Delegaci\u00f3n Miguel Hidalgo C.P. 11500 M\u00e9xico DF, M\u00e9xico.<\/h5>\n<p>[\/vc_column_text][vc_empty_space height=&#8221;16px&#8221;][vc_row_inner][vc_column_inner width=&#8221;1\/3&#8243; css=&#8221;.vc_custom_1647600530347{padding-right: 0px !important;}&#8221;][vc_column_text]<\/p>\n<h6 style=\"text-align: left;\"><span style=\"color: #c3c3c3;\">PHONE NUMBER:<\/span><\/h6>\n<h5 style=\"text-align: left;\">+34 917 373 880<\/h5>\n<p>[\/vc_column_text][\/vc_column_inner][vc_column_inner width=&#8221;1\/2&#8243;][vc_column_text]<\/p>\n<h6 style=\"text-align: left;\"><span style=\"color: #c3c3c3;\">EMAIL:<\/span><\/h6>\n<h5 style=\"text-align: left;\"><span style=\"text-transform: lowercase; font-weight: 500;\">info-mx@powersolution.es<\/span><\/h5>\n<p>[\/vc_column_text][\/vc_column_inner][\/vc_row_inner][\/vc_column][vc_column width=&#8221;1\/2&#8243;][vc_empty_space height=&#8221;50px&#8221; el_class=&#8221;not-mobile&#8221;][vc_row_inner][vc_column_inner width=&#8221;1\/2&#8243;][\/vc_column_inner][vc_column_inner width=&#8221;1\/2&#8243;][\/vc_column_inner][\/vc_row_inner][\/vc_column][\/vc_row][vc_row content_width=&#8221;grid&#8221; css=&#8221;.vc_custom_1643363314415{margin-top: 100px !important;margin-bottom: 75px !important;}&#8221;][vc_column width=&#8221;2\/3&#8243;][vc_column_text]<\/p>\n<h3>CONTACT US<\/h3>\n<p>[\/vc_column_text][vc_empty_space height=&#8221;25px&#8221;]\n<div class=\"wpcf7 no-js\" id=\"wpcf7-f7-o1\" lang=\"es-ES\" dir=\"ltr\" data-wpcf7-id=\"7\">\n<div class=\"screen-reader-response\"><p role=\"status\" aria-live=\"polite\" aria-atomic=\"true\"><\/p> <ul><\/ul><\/div>\n<form action=\"\/en\/wp-json\/wp\/v2\/pages\/12304#wpcf7-f7-o1\" method=\"post\" class=\"wpcf7-form init cf7_custom_style_2 a65acba34b64 cmatic-disconn cmatic-aud-2 cmatic-mapd0-0 cmatic-v097802 cmatic-sent-0 cmatic-total-0\" aria-label=\"Formulario de contacto\" novalidate=\"novalidate\" data-status=\"init\">\n<fieldset class=\"hidden-fields-container\"><input type=\"hidden\" name=\"_wpcf7\" value=\"7\" \/><input type=\"hidden\" name=\"_wpcf7_version\" value=\"6.1.5\" \/><input type=\"hidden\" name=\"_wpcf7_locale\" value=\"es_ES\" \/><input type=\"hidden\" name=\"_wpcf7_unit_tag\" value=\"wpcf7-f7-o1\" \/><input type=\"hidden\" name=\"_wpcf7_container_post\" value=\"0\" \/><input type=\"hidden\" name=\"_wpcf7_posted_data_hash\" value=\"\" \/>\n<\/fieldset>\n<p><span class=\"wpcf7-form-control-wrap\" data-name=\"your-name\"><input size=\"40\" maxlength=\"400\" class=\"wpcf7-form-control wpcf7-text wpcf7-validates-as-required\" aria-required=\"true\" aria-invalid=\"false\" placeholder=\"Name\" value=\"\" type=\"text\" name=\"your-name\" \/><\/span><br \/>\n<span class=\"wpcf7-form-control-wrap\" data-name=\"your-empresa\"><input size=\"40\" maxlength=\"400\" class=\"wpcf7-form-control wpcf7-text wpcf7-validates-as-required\" aria-required=\"true\" aria-invalid=\"false\" placeholder=\"Company\" value=\"\" type=\"text\" name=\"your-empresa\" \/><\/span><br \/>\n<span class=\"wpcf7-form-control-wrap\" data-name=\"your-email\"><input size=\"40\" maxlength=\"400\" class=\"wpcf7-form-control wpcf7-email wpcf7-validates-as-required wpcf7-text wpcf7-validates-as-email\" aria-required=\"true\" aria-invalid=\"false\" placeholder=\"Email\" value=\"\" type=\"email\" name=\"your-email\" \/><\/span><br \/>\n<span class=\"wpcf7-form-control-wrap\" data-name=\"your-tel\"><input size=\"40\" maxlength=\"400\" class=\"wpcf7-form-control wpcf7-tel wpcf7-text wpcf7-validates-as-tel\" aria-invalid=\"false\" placeholder=\"Phone\" value=\"\" type=\"tel\" name=\"your-tel\" \/><\/span><br \/>\n<span class=\"wpcf7-form-control-wrap\" data-name=\"your-message\"><textarea cols=\"40\" rows=\"10\" maxlength=\"2000\" class=\"wpcf7-form-control wpcf7-textarea\" aria-invalid=\"false\" placeholder=\"Message\" name=\"your-message\"><\/textarea><\/span><br \/>\n<span class=\"wpcf7-form-control-wrap\" data-name=\"acceptance-813\"><span class=\"wpcf7-form-control wpcf7-acceptance\"><span class=\"wpcf7-list-item\"><input type=\"checkbox\" name=\"acceptance-813\" value=\"1\" aria-invalid=\"false\" \/><\/span><\/span><\/span> I have read and accept the <a href=\"https:\/\/powersolution.es\/en\/privacy-policy\/\" target=\"_blank\">Privacy Policy<\/a> giving my informed consent.<br \/>\n<input class=\"wpcf7-form-control wpcf7-submit has-spinner\" type=\"submit\" value=\"SEND\" \/>\n<\/p><div class=\"wpcf7-response-output\" aria-hidden=\"true\"><\/div>\n<\/form>\n<\/div>\n[vc_empty_space height=&#8221;50px&#8221;][\/vc_column][vc_column width=&#8221;1\/3&#8243;][\/vc_column][\/vc_row]<\/p>\n","protected":false},"excerpt":{"rendered":"<p>[vc_row content_width=&#8221;grid&#8221; css=&#8221;.vc_custom_1647603493694{margin-top: 100px !important;}&#8221; el_id=&#8221;block-map&#8221;][vc_column][vc_empty_space height=&#8221;10px&#8221;][vc_raw_html][\/vc_raw_html][vc_empty_space height=&#8221;10px&#8221;][\/vc_column][\/vc_row][vc_row content_width=&#8221;grid&#8221; content_aligment=&#8221;center&#8221; el_class=&#8221;contacto-custom-block&#8221; css=&#8221;.vc_custom_1647614972403{margin-bottom: 50px !important;}&#8221;][vc_column width=&#8221;1\/2&#8243; css=&#8221;.vc_custom_1647614966689{margin-bottom: 50px !important;margin-left: 10% !important;padding-left: 15px !important;}&#8221; offset=&#8221;vc_col-md-6 vc_col-sm-offset-0 vc_col-xs-12&#8243; el_class=&#8221;contacto-custom-block-inner&#8221;][vc_empty_space height=&#8221;50px&#8221;][vc_column_text] MADRID OFFICES Calle Jos\u00e9 Echegaray, 8, Ed 3, 28232 madrid, Espa\u00f1a [\/vc_column_text][vc_empty_space height=&#8221;16px&#8221;][vc_row_inner el_class=&#8221;fila-contacto&#8221;][vc_column_inner width=&#8221;1\/3&#8243;][vc_column_text] PHONE NUMBER: +34 917 373 880 [\/vc_column_text][\/vc_column_inner][vc_column_inner width=&#8221;1\/2&#8243;][vc_column_text&#8230;<\/p>\n","protected":false},"author":1,"featured_media":0,"parent":0,"menu_order":0,"comment_status":"closed","ping_status":"closed","template":"full-width.php","meta":{"inline_featured_image":false,"footnotes":""},"class_list":["post-12304","page","type-page","status-publish","hentry"],"yoast_head":"<!-- This site is optimized with the Yoast SEO plugin v27.4 - https:\/\/yoast.com\/product\/yoast-seo-wordpress\/ -->\n<title>Contact - Power Solution<\/title>\n<meta name=\"robots\" content=\"index, follow, max-snippet:-1, max-image-preview:large, max-video-preview:-1\" \/>\n<link rel=\"canonical\" href=\"https:\/\/www.powersolution.es\/en\/contact\/\" \/>\n<meta property=\"og:locale\" content=\"en_US\" \/>\n<meta property=\"og:type\" content=\"article\" \/>\n<meta property=\"og:title\" content=\"Contact - Power Solution\" \/>\n<meta property=\"og:description\" content=\"[vc_row content_width=&#8221;grid&#8221; css=&#8221;.vc_custom_1647603493694{margin-top: 100px !important;}&#8221; el_id=&#8221;block-map&#8221;][vc_column][vc_empty_space height=&#8221;10px&#8221;][vc_raw_html][\/vc_raw_html][vc_empty_space height=&#8221;10px&#8221;][\/vc_column][\/vc_row][vc_row content_width=&#8221;grid&#8221; content_aligment=&#8221;center&#8221; el_class=&#8221;contacto-custom-block&#8221; css=&#8221;.vc_custom_1647614972403{margin-bottom: 50px !important;}&#8221;][vc_column width=&#8221;1\/2&#8243; css=&#8221;.vc_custom_1647614966689{margin-bottom: 50px !important;margin-left: 10% !important;padding-left: 15px !important;}&#8221; offset=&#8221;vc_col-md-6 vc_col-sm-offset-0 vc_col-xs-12&#8243; el_class=&#8221;contacto-custom-block-inner&#8221;][vc_empty_space height=&#8221;50px&#8221;][vc_column_text] MADRID OFFICES Calle Jos\u00e9 Echegaray, 8, Ed 3, 28232 madrid, Espa\u00f1a [\/vc_column_text][vc_empty_space height=&#8221;16px&#8221;][vc_row_inner el_class=&#8221;fila-contacto&#8221;][vc_column_inner width=&#8221;1\/3&#8243;][vc_column_text] PHONE NUMBER: +34 917 373 880 [\/vc_column_text][\/vc_column_inner][vc_column_inner width=&#8221;1\/2&#8243;][vc_column_text...\" \/>\n<meta property=\"og:url\" content=\"https:\/\/www.powersolution.es\/en\/contact\/\" \/>\n<meta property=\"og:site_name\" content=\"Power Solution\" \/>\n<meta property=\"article:modified_time\" content=\"2022-06-20T18:56:59+00:00\" \/>\n<meta name=\"twitter:card\" content=\"summary_large_image\" \/>\n<meta name=\"twitter:label1\" content=\"Est. reading time\" \/>\n\t<meta name=\"twitter:data1\" content=\"5 minutes\" \/>\n<script type=\"application\/ld+json\" class=\"yoast-schema-graph\">{\"@context\":\"https:\\\/\\\/schema.org\",\"@graph\":[{\"@type\":\"WebPage\",\"@id\":\"https:\\\/\\\/www.powersolution.es\\\/en\\\/contact\\\/\",\"url\":\"https:\\\/\\\/www.powersolution.es\\\/en\\\/contact\\\/\",\"name\":\"Contact - Power Solution\",\"isPartOf\":{\"@id\":\"https:\\\/\\\/www.powersolution.es\\\/#website\"},\"datePublished\":\"2021-12-22T15:38:04+00:00\",\"dateModified\":\"2022-06-20T18:56:59+00:00\",\"breadcrumb\":{\"@id\":\"https:\\\/\\\/www.powersolution.es\\\/en\\\/contact\\\/#breadcrumb\"},\"inLanguage\":\"en-US\",\"potentialAction\":[{\"@type\":\"ReadAction\",\"target\":[\"https:\\\/\\\/www.powersolution.es\\\/en\\\/contact\\\/\"]}]},{\"@type\":\"BreadcrumbList\",\"@id\":\"https:\\\/\\\/www.powersolution.es\\\/en\\\/contact\\\/#breadcrumb\",\"itemListElement\":[{\"@type\":\"ListItem\",\"position\":1,\"name\":\"Portada\",\"item\":\"https:\\\/\\\/www.powersolution.com.ar\\\/en\\\/\"},{\"@type\":\"ListItem\",\"position\":2,\"name\":\"Contact\"}]},{\"@type\":\"WebSite\",\"@id\":\"https:\\\/\\\/www.powersolution.es\\\/#website\",\"url\":\"https:\\\/\\\/www.powersolution.es\\\/\",\"name\":\"Power Solution\",\"description\":\"Digitalizaci\u00f3n de empresas industriales\",\"publisher\":{\"@id\":\"https:\\\/\\\/www.powersolution.es\\\/#organization\"},\"potentialAction\":[{\"@type\":\"SearchAction\",\"target\":{\"@type\":\"EntryPoint\",\"urlTemplate\":\"https:\\\/\\\/www.powersolution.es\\\/?s={search_term_string}\"},\"query-input\":{\"@type\":\"PropertyValueSpecification\",\"valueRequired\":true,\"valueName\":\"search_term_string\"}}],\"inLanguage\":\"en-US\"},{\"@type\":\"Organization\",\"@id\":\"https:\\\/\\\/www.powersolution.es\\\/#organization\",\"name\":\"Power Solution\",\"url\":\"https:\\\/\\\/www.powersolution.es\\\/\",\"logo\":{\"@type\":\"ImageObject\",\"inLanguage\":\"en-US\",\"@id\":\"https:\\\/\\\/www.powersolution.es\\\/#\\\/schema\\\/logo\\\/image\\\/\",\"url\":\"https:\\\/\\\/powersolution.es\\\/wp-content\\\/uploads\\\/2022\\\/04\\\/Post-POWER-SOLUTION.jpg\",\"contentUrl\":\"https:\\\/\\\/powersolution.es\\\/wp-content\\\/uploads\\\/2022\\\/04\\\/Post-POWER-SOLUTION.jpg\",\"width\":1300,\"height\":840,\"caption\":\"Power Solution\"},\"image\":{\"@id\":\"https:\\\/\\\/www.powersolution.es\\\/#\\\/schema\\\/logo\\\/image\\\/\"},\"sameAs\":[\"https:\\\/\\\/www.linkedin.com\\\/company\\\/power-solution-global\"]}]}<\/script>\n<!-- \/ Yoast SEO plugin. -->","yoast_head_json":{"title":"Contact - Power Solution","robots":{"index":"index","follow":"follow","max-snippet":"max-snippet:-1","max-image-preview":"max-image-preview:large","max-video-preview":"max-video-preview:-1"},"canonical":"https:\/\/www.powersolution.es\/en\/contact\/","og_locale":"en_US","og_type":"article","og_title":"Contact - Power Solution","og_description":"[vc_row content_width=&#8221;grid&#8221; css=&#8221;.vc_custom_1647603493694{margin-top: 100px !important;}&#8221; el_id=&#8221;block-map&#8221;][vc_column][vc_empty_space height=&#8221;10px&#8221;][vc_raw_html][\/vc_raw_html][vc_empty_space height=&#8221;10px&#8221;][\/vc_column][\/vc_row][vc_row content_width=&#8221;grid&#8221; content_aligment=&#8221;center&#8221; el_class=&#8221;contacto-custom-block&#8221; css=&#8221;.vc_custom_1647614972403{margin-bottom: 50px !important;}&#8221;][vc_column width=&#8221;1\/2&#8243; css=&#8221;.vc_custom_1647614966689{margin-bottom: 50px !important;margin-left: 10% !important;padding-left: 15px !important;}&#8221; offset=&#8221;vc_col-md-6 vc_col-sm-offset-0 vc_col-xs-12&#8243; el_class=&#8221;contacto-custom-block-inner&#8221;][vc_empty_space height=&#8221;50px&#8221;][vc_column_text] MADRID OFFICES Calle Jos\u00e9 Echegaray, 8, Ed 3, 28232 madrid, Espa\u00f1a [\/vc_column_text][vc_empty_space height=&#8221;16px&#8221;][vc_row_inner el_class=&#8221;fila-contacto&#8221;][vc_column_inner width=&#8221;1\/3&#8243;][vc_column_text] PHONE NUMBER: +34 917 373 880 [\/vc_column_text][\/vc_column_inner][vc_column_inner width=&#8221;1\/2&#8243;][vc_column_text...","og_url":"https:\/\/www.powersolution.es\/en\/contact\/","og_site_name":"Power Solution","article_modified_time":"2022-06-20T18:56:59+00:00","twitter_card":"summary_large_image","twitter_misc":{"Est. reading time":"5 minutes"},"schema":{"@context":"https:\/\/schema.org","@graph":[{"@type":"WebPage","@id":"https:\/\/www.powersolution.es\/en\/contact\/","url":"https:\/\/www.powersolution.es\/en\/contact\/","name":"Contact - Power Solution","isPartOf":{"@id":"https:\/\/www.powersolution.es\/#website"},"datePublished":"2021-12-22T15:38:04+00:00","dateModified":"2022-06-20T18:56:59+00:00","breadcrumb":{"@id":"https:\/\/www.powersolution.es\/en\/contact\/#breadcrumb"},"inLanguage":"en-US","potentialAction":[{"@type":"ReadAction","target":["https:\/\/www.powersolution.es\/en\/contact\/"]}]},{"@type":"BreadcrumbList","@id":"https:\/\/www.powersolution.es\/en\/contact\/#breadcrumb","itemListElement":[{"@type":"ListItem","position":1,"name":"Portada","item":"https:\/\/www.powersolution.com.ar\/en\/"},{"@type":"ListItem","position":2,"name":"Contact"}]},{"@type":"WebSite","@id":"https:\/\/www.powersolution.es\/#website","url":"https:\/\/www.powersolution.es\/","name":"Power Solution","description":"Digitalizaci\u00f3n de empresas industriales","publisher":{"@id":"https:\/\/www.powersolution.es\/#organization"},"potentialAction":[{"@type":"SearchAction","target":{"@type":"EntryPoint","urlTemplate":"https:\/\/www.powersolution.es\/?s={search_term_string}"},"query-input":{"@type":"PropertyValueSpecification","valueRequired":true,"valueName":"search_term_string"}}],"inLanguage":"en-US"},{"@type":"Organization","@id":"https:\/\/www.powersolution.es\/#organization","name":"Power Solution","url":"https:\/\/www.powersolution.es\/","logo":{"@type":"ImageObject","inLanguage":"en-US","@id":"https:\/\/www.powersolution.es\/#\/schema\/logo\/image\/","url":"https:\/\/powersolution.es\/wp-content\/uploads\/2022\/04\/Post-POWER-SOLUTION.jpg","contentUrl":"https:\/\/powersolution.es\/wp-content\/uploads\/2022\/04\/Post-POWER-SOLUTION.jpg","width":1300,"height":840,"caption":"Power Solution"},"image":{"@id":"https:\/\/www.powersolution.es\/#\/schema\/logo\/image\/"},"sameAs":["https:\/\/www.linkedin.com\/company\/power-solution-global"]}]}},"_links":{"self":[{"href":"https:\/\/www.powersolution.es\/en\/wp-json\/wp\/v2\/pages\/12304","targetHints":{"allow":["GET"]}}],"collection":[{"href":"https:\/\/www.powersolution.es\/en\/wp-json\/wp\/v2\/pages"}],"about":[{"href":"https:\/\/www.powersolution.es\/en\/wp-json\/wp\/v2\/types\/page"}],"author":[{"embeddable":true,"href":"https:\/\/www.powersolution.es\/en\/wp-json\/wp\/v2\/users\/1"}],"replies":[{"embeddable":true,"href":"https:\/\/www.powersolution.es\/en\/wp-json\/wp\/v2\/comments?post=12304"}],"version-history":[{"count":19,"href":"https:\/\/www.powersolution.es\/en\/wp-json\/wp\/v2\/pages\/12304\/revisions"}],"predecessor-version":[{"id":13991,"href":"https:\/\/www.powersolution.es\/en\/wp-json\/wp\/v2\/pages\/12304\/revisions\/13991"}],"wp:attachment":[{"href":"https:\/\/www.powersolution.es\/en\/wp-json\/wp\/v2\/media?parent=12304"}],"curies":[{"name":"wp","href":"https:\/\/api.w.org\/{rel}","templated":true}]}}